{"id":4055,"date":"2021-04-30T10:51:41","date_gmt":"2021-04-30T08:51:41","guid":{"rendered":"https:\/\/hikvisionmasters.com\/politica-de-cookies\/"},"modified":"2024-03-12T11:36:17","modified_gmt":"2024-03-12T10:36:17","slug":"politica-de-cookies","status":"publish","type":"page","link":"https:\/\/hikvisionmasters.com\/pt-pt\/politica-de-cookies\/","title":{"rendered":"Pol\u00edtica de Cookies"},"content":{"rendered":"\t\t<div data-elementor-type=\"wp-page\" data-elementor-id=\"4055\" class=\"elementor elementor-4055 elementor-230\" data-elementor-post-type=\"page\">\n\t\t\t\t<div class=\"elementor-element elementor-element-dd36373 e-flex e-con-boxed e-con e-parent\" data-id=\"dd36373\" data-element_type=\"container\" data-settings=\"{&quot;background_background&quot;:&quot;classic&quot;}\">\n\t\t\t\t\t<div class=\"e-con-inner\">\n\t\t\t\t<div class=\"elementor-element elementor-element-0610e85 elementor-widget elementor-widget-heading\" data-id=\"0610e85\" data-element_type=\"widget\" data-widget_type=\"heading.default\">\n\t\t\t\t<div class=\"elementor-widget-container\">\n\t\t\t<h1 class=\"elementor-heading-title elementor-size-default\">Pol\u00edtica de Cookies<\/h1>\t\t<\/div>\n\t\t\t\t<\/div>\n\t\t\t\t<div class=\"elementor-element elementor-element-61b5557 elementor-widget elementor-widget-text-editor\" data-id=\"61b5557\" data-element_type=\"widget\" data-widget_type=\"text-editor.default\">\n\t\t\t\t<div class=\"elementor-widget-container\">\n\t\t\t\t\t\t\t<p>Esta Pol\u00edtica describe c\u00f3mo y por qu\u00e9 Hangzhou Hikvision Digital Technology Co., Ltd. (&#8220;nosotros&#8221;, &#8220;nos&#8221; o &#8220;nuestro&#8221;) utiliza cookies.<\/p>\n<p><span style=\"text-decoration: underline;\"><strong>Qu\u00e9 son las cookies<\/strong><\/span><br \/>Como es pr\u00e1ctica com\u00fan en casi todos los sitios web, nuestro sitio utiliza cookies, que son peque\u00f1os archivos que se descargan en su ordenador o dispositivo m\u00f3vil, para mejorar su experiencia y permitir el funcionamiento adecuado de nuestro sitio. Esta p\u00e1gina describe qu\u00e9 informaci\u00f3n recopilamos, c\u00f3mo la usamos y por qu\u00e9 a veces necesitamos almacenar estas cookies. Tambi\u00e9n compartiremos c\u00f3mo puede evitar que estas cookies se almacenen en su ordenador o dispositivo m\u00f3vil; sin embargo, la eliminaci\u00f3n de las cookies estrictamente necesarias (explicadas a continuaci\u00f3n) puede degradar o &#8220;romper&#8221; ciertos elementos de la funcionalidad de nuestro sitio.<\/p>\n<p>Para obtener m\u00e1s informaci\u00f3n sobre las cookies, consulte www.allaboutcookies.org y <a href=\"http:\/\/www.youronlinechoices.eu\/\" target=\"_blank\" rel=\"nofollow noopener\">www.youronlinechoices.eu\/<\/a>.<\/p>\n<p><span style=\"text-decoration: underline;\"><strong>C\u00f3mo utilizamos las cookies<\/strong><\/span><br \/>Entre las numerosas razones que se describen a continuaci\u00f3n, utilizamos cookies para personalizar su experiencia en nuestro sitio web, hacer que sus futuras actividades y experiencia sean m\u00e1s eficientes, comprender c\u00f3mo los usuarios utilizan nuestro sitio web y poder mejorar su estructura y contenido.<\/p>\n<p><span style=\"text-decoration: underline;\"><strong>Desactivaci\u00f3n de las cookies<\/strong><\/span><br \/>En su primera visita a nuestro sitio, ver\u00e1 un banner de cookies en la p\u00e1gina de inicio que le informa sobre los fines para los que se utilizan las cookies. Puede cambiar sus preferencias de cookies a trav\u00e9s del banner de cookies, donde tiene la opci\u00f3n de optar por el uso de cookies no esenciales (que se explica a continuaci\u00f3n) en su dispositivo. Alternativamente, la mayor\u00eda de los navegadores web permiten el control de la mayor\u00eda de las cookies, incluidas las cookies estrictamente necesarias, ajustando la configuraci\u00f3n de su navegador. Tenga en cuenta que deshabilitar las cookies estrictamente necesarias afectar\u00e1 a la funcionalidad de nuestro sitio y su capacidad para utilizar ciertas funciones de nuestro sitio.<\/p>\n<p><span style=\"text-decoration: underline;\"><strong>Las cookies que utilizamos<\/strong><\/span><br \/>En nuestra web, utilizamos dos tipos de cookies: cookies de sesi\u00f3n y cookies persistentes. Una cookie de sesi\u00f3n es una cookie temporal que permanece en su dispositivo hasta que usted sale de nuestro sitio web. Las cookies de sesi\u00f3n son esenciales para que nuestra web funcione correctamente, puesto que le permiten navegar por ella y utilizar sus funciones. En cambio, las cookies persistentes permanecen en el dispositivo durante mucho m\u00e1s tiempo o hasta que se eliminan manualmente (el tiempo que la cookie permanece en su dispositivo depende de la duraci\u00f3n o la &#8220;vida \u00fatil&#8221; de la cookie espec\u00edfica y los ajustes de su navegador). Las cookies persistentes nos ayudan a reconocerlo como un usuario recurrente de nuestro sitio para que sea m\u00e1s f\u00e1cil regresar e interactuar con nuestro sitio. Adem\u00e1s, las cookies persistentes nos ayudan a reconocer sus h\u00e1bitos de navegaci\u00f3n web y a guardar informaci\u00f3n sobre ellos durante la vida \u00fatil de la cookie persistente. Nuestro sitio web utiliza los siguientes tipos de cookies:<\/p>\n<ul>\n<li>Cookies estrictamente necesarias: Estas cookies son esenciales para permitirle moverse por nuestro sitio y utilizar las funciones de nuestro sitio de forma segura. Sin estas cookies, es posible que no pueda aprovechar al m\u00e1ximo las caracter\u00edsticas y funciones de nuestro sitio.<\/li>\n<li>Cookies de funcionalidad: Estas cookies se utilizan para reconocerlo y recordar sus preferencias o configuraciones cuando regresa a nuestro sitio.<\/li>\n<li>Cookies de an\u00e1lisis: Utilizamos diferentes tipos de cookies anal\u00edticas que nos permiten brindarle un apoyo m\u00e1s eficiente y contextual y que tambi\u00e9n nos brindan datos sobre su uso de nuestro sitio web y que podemos usar para mejorar nuestro sitio. Por ejemplo, usamos Google Analytics para monitorear los niveles de tr\u00e1fico, consultas de b\u00fasqueda y visitas a nuestro sitio. Para obtener m\u00e1s informaci\u00f3n sobre las cookies de an\u00e1lisis de Google, consulte la pol\u00edtica de privacidad de Google. Google ha desarrollado el complemento de inhabilitaci\u00f3n para navegadores de Google Analytics para el c\u00f3digo JavaScript de Google Analytics (ga.js, analytics.js, dc.js). Si quiere inhabilitar Google Analytics, puede descargar e instalar el complemento para su navegador web aqu\u00ed.<\/li>\n<\/ul>\n<p><span style=\"text-decoration: underline;\"><strong>M\u00e1s informaci\u00f3n<\/strong><\/span><br \/>Esperamos que este art\u00edculo le haya aclarado algunas dudas. Sin embargo, si desea obtener m\u00e1s informaci\u00f3n, puede ponerse en contacto con nosotros escribiendo a: <a href=\"mailto:Digital.Global@hikvision.com\">Digital.Global@hikvision.com<\/a>.<\/p>\n\t\t\t\t\t\t<\/div>\n\t\t\t\t<\/div>\n\t\t\t\t\t<\/div>\n\t\t\t\t<\/div>\n\t\t\t\t<\/div>\n\t\t","protected":false},"excerpt":{"rendered":"<p>Pol\u00edtica de Cookies Esta Pol\u00edtica describe c\u00f3mo y por qu\u00e9 Hangzhou Hikvision Digital Technology Co., Ltd. (&#8220;nosotros&#8221;, &#8220;nos&#8221; o &#8220;nuestro&#8221;) utiliza cookies. Qu\u00e9 son las cookiesComo es pr\u00e1ctica com\u00fan en casi todos los sitios web, nuestro sitio utiliza cookies, que son peque\u00f1os archivos que se descargan en su ordenador o dispositivo m\u00f3vil, para mejorar su &#8230; <a title=\"Pol\u00edtica de Cookies\" class=\"read-more\" href=\"https:\/\/hikvisionmasters.com\/pt-pt\/politica-de-cookies\/\" aria-label=\"Leia mais sobre Pol\u00edtica de Cookies\">Ler mais<\/a><\/p>\n","protected":false},"author":4,"featured_media":0,"parent":0,"menu_order":0,"comment_status":"closed","ping_status":"closed","template":"","meta":{"content-type":"","footnotes":""},"_links":{"self":[{"href":"https:\/\/hikvisionmasters.com\/pt-pt\/wp-json\/wp\/v2\/pages\/4055"}],"collection":[{"href":"https:\/\/hikvisionmasters.com\/pt-pt\/wp-json\/wp\/v2\/pages"}],"about":[{"href":"https:\/\/hikvisionmasters.com\/pt-pt\/wp-json\/wp\/v2\/types\/page"}],"author":[{"embeddable":true,"href":"https:\/\/hikvisionmasters.com\/pt-pt\/wp-json\/wp\/v2\/users\/4"}],"replies":[{"embeddable":true,"href":"https:\/\/hikvisionmasters.com\/pt-pt\/wp-json\/wp\/v2\/comments?post=4055"}],"version-history":[{"count":1,"href":"https:\/\/hikvisionmasters.com\/pt-pt\/wp-json\/wp\/v2\/pages\/4055\/revisions"}],"predecessor-version":[{"id":4056,"href":"https:\/\/hikvisionmasters.com\/pt-pt\/wp-json\/wp\/v2\/pages\/4055\/revisions\/4056"}],"wp:attachment":[{"href":"https:\/\/hikvisionmasters.com\/pt-pt\/wp-json\/wp\/v2\/media?parent=4055"}],"curies":[{"name":"wp","href":"https:\/\/api.w.org\/{rel}","templated":true}]}}