{"id":4053,"date":"2021-04-30T10:46:09","date_gmt":"2021-04-30T08:46:09","guid":{"rendered":"https:\/\/hikvisionmasters.com\/politica-de-privacidad\/"},"modified":"2024-03-12T11:35:55","modified_gmt":"2024-03-12T10:35:55","slug":"politica-de-privacidad","status":"publish","type":"page","link":"https:\/\/hikvisionmasters.com\/pt-pt\/politica-de-privacidad\/","title":{"rendered":"Pol\u00edtica de Privacidad"},"content":{"rendered":"\t\t<div data-elementor-type=\"wp-page\" data-elementor-id=\"4053\" class=\"elementor elementor-4053 elementor-215\" data-elementor-post-type=\"page\">\n\t\t\t\t<div class=\"elementor-element elementor-element-d673255 e-flex e-con-boxed e-con e-parent\" data-id=\"d673255\" data-element_type=\"container\" data-settings=\"{&quot;background_background&quot;:&quot;classic&quot;}\">\n\t\t\t\t\t<div class=\"e-con-inner\">\n\t\t\t\t<div class=\"elementor-element elementor-element-0801390 elementor-widget elementor-widget-heading\" data-id=\"0801390\" data-element_type=\"widget\" data-widget_type=\"heading.default\">\n\t\t\t\t<div class=\"elementor-widget-container\">\n\t\t\t<h1 class=\"elementor-heading-title elementor-size-default\">Pol\u00edtica de privacidade<\/h1>\t\t<\/div>\n\t\t\t\t<\/div>\n\t\t\t\t<div class=\"elementor-element elementor-element-0daf1ba elementor-widget elementor-widget-text-editor\" data-id=\"0daf1ba\" data-element_type=\"widget\" data-widget_type=\"text-editor.default\">\n\t\t\t\t<div class=\"elementor-widget-container\">\n\t\t\t\t\t\t\t<p>HANGZHOU HIKVISION DIGITAL TECHNOLOGY CO. LTD (&#8220;HIKVISION&#8221;, &#8220;nosotros&#8221;, &#8220;nuestro&#8221; o &#8220;nos&#8221;) se toma muy en serio su informaci\u00f3n personal. Esta Pol\u00edtica de Privacidad (&#8220;Pol\u00edtica&#8221;) ha sido dise\u00f1ada para informarle de c\u00f3mo HIKVISION recoge, almacena, utiliza y comparte su informaci\u00f3n personal dentro de su \u00e1mbito de aplicaci\u00f3n. Por favor, revise esta Pol\u00edtica antes de utilizar los sitios web de HIKVISION relacionados<\/p>\n<p>La pol\u00edtica de privacidad puede ser modificada y ser\u00e1 publicada en esta p\u00e1gina.<\/p>\n<p>Esta pol\u00edtica es aplicable a todos los sitios web de HIKVISION (tambi\u00e9n denominado, el &#8220;Sitio&#8221;). Para determinadas funciones o servicios de nuestro Sitio, pueden aplicarse avisos de privacidad adicionales o anexos para dichas funciones o servicios. Los sitios web de HIKVISION pueden contener enlaces a sitios web de terceros. Su informaci\u00f3n personal puede ser recogida por terceros cuando usted utiliza sus servicios; por lo tanto, HIKVISION le anima a conocer las pr\u00e1cticas de privacidad de esos terceros<\/p>\n<p>Si la informaci\u00f3n personal que nos ha enviado contiene informaci\u00f3n de otras personas, usted garantiza que ha obtenido la aprobaci\u00f3n de dichas personas.<\/p>\n<p>Al acceder al Sitio, usted reconoce que ha aceptado que procesemos su informaci\u00f3n personal de acuerdo con la pol\u00edtica de privacidad.<\/p>\n<p><span style=\"text-decoration: underline;\"><strong>Almacenamiento de informaci\u00f3n<\/strong><\/span><\/p>\n<p>Cuando usted utiliza el Sitio, HIKVISION puede recoger cierta informaci\u00f3n sobre usted, tal como se describe en esta Pol\u00edtica.<\/p>\n<p>La informaci\u00f3n puede dividirse en informaci\u00f3n que usted proporciona e informaci\u00f3n que HIKVISION recoge. Seg\u00fan lo permitido por las leyes aplicables o tras obtener su consentimiento previo, podemos recopilar adem\u00e1s informaci\u00f3n personal necesaria para su uso a los servicios de terceros<\/p>\n<p>La informaci\u00f3n personal que recopilamos depende de su uso del Servicio. Por ejemplo:<\/p>\n<ul>\n<li>Cuando usted visita el Sitio, podemos recoger los datos de tr\u00e1fico, por ejemplo, la direcci\u00f3n IP y la informaci\u00f3n a trav\u00e9s de cookies, incluyendo el volumen de visitantes, el tiempo de acceso y las preferencias del usuario.<\/li>\n<li>Cuando usted registra una cuenta en OneHikID, es posible que tenga que proporcionar informaci\u00f3n de registro, como su nombre, n\u00famero de tel\u00e9fono, direcci\u00f3n de correo electr\u00f3nico, su empresa, su pa\u00eds o regi\u00f3n, etc.<\/li>\n<li>Cuando solicite un puesto de trabajo en HIKVISION o busque cooperaci\u00f3n con HIKVISION, puede proporcionar su curr\u00edculum vitae y\/o su informaci\u00f3n de contacto.<\/li>\n<\/ul>\n<p><span style=\"text-decoration: underline;\"><strong>Uso de la informaci\u00f3n personal<\/strong><\/span><\/p>\n<p>HIKVISION utiliza su informaci\u00f3n personal para los siguientes fines:<\/p>\n<ul>\n<li>Para el inter\u00e9s leg\u00edtimo de HIKVISION, a saber:\n<ul>\n<li>responder a sus consultas;<\/li>\n<li>para aumentar la seguridad de los Servicios, como la autenticaci\u00f3n de usuarios, la protecci\u00f3n de la seguridad, la detecci\u00f3n de fraudes, el archivo y las copias de seguridad;<\/li>\n<li>para evaluar su solicitud de empleo;<\/li>\n<li>para llevar a cabo cualquier actividad a la que se haya suscrito en los Servicios; o<\/li>\n<li>para fines internos, como la auditor\u00eda, el an\u00e1lisis de datos y la investigaci\u00f3n.<\/li>\n<\/ul>\n<\/li>\n<li>Para cumplir el acuerdo que tenemos con usted, por ejemplo para prestar otros servicios que usted solicite;<\/li>\n<li>Para cumplir con las obligaciones legales de HIKVISION,\n<ul>\n<li>Con su consentimiento,<\/li>\n<li>para enviar comunicaciones electr\u00f3nicas para informarle sobre nuevos productos y servicios;<\/li>\n<li>utilizar ciertas cookies no esenciales para comprender mejor su comportamiento, con el fin de optimizar la experiencia del usuario, perfeccionar el dise\u00f1o de las funciones o proporcionar mejores servicios.<\/li>\n<li>Tambi\u00e9n podemos contratar a uno o m\u00e1s proveedores de servicios de terceros para que publiquen anuncios en l\u00ednea en nuestro nombre a trav\u00e9s de los Servicios. Pueden utilizar una etiqueta de p\u00edxel u otra tecnolog\u00eda similar para recopilar informaci\u00f3n sobre su visita a los Servicios, y pueden utilizar esa informaci\u00f3n para dirigir los anuncios de los productos y servicios de HIKVISION.<\/li>\n<\/ul>\n<\/li>\n<\/ul>\n<p><span style=\"text-decoration: underline;\"><strong>Intercambio de informaci\u00f3n personal<\/strong><\/span><\/p>\n<p>No vendemos ninguna informaci\u00f3n personal a terceros y nunca lo haremos.<\/p>\n<p>HIKVISION no revelar\u00e1 su informaci\u00f3n personal, a menos que (I) cuente con su consentimiento previo por escrito; (II) de acuerdo con las leyes y reglamentos aplicables, o cuando sea requerido por las autoridades competentes; (III) seg\u00fan sea necesario para ofrecer los Servicios; o (IV) para proteger sus intereses leg\u00edtimos, por ejemplo, para defender sus derechos en procedimientos administrativos o judiciales o en caso de que su negocio o partes del mismo sean transferidos para ser vendidos a otra parte.<\/p>\n<p>HIKVISION limita el acceso a su informaci\u00f3n personal en funci\u00f3n de la necesidad de conocerla, y exige a sus empleados que respeten la confidencialidad de su informaci\u00f3n y la protejan de acuerdo con la Pol\u00edtica.<\/p>\n<p><span style=\"text-decoration: underline;\"><strong>Almacenamiento y seguridad de la informaci\u00f3n personal<\/strong><\/span><\/p>\n<p>HIKVISION almacena su informaci\u00f3n personal durante el tiempo necesario para prestar los Servicios o responder a sus preguntas. Los datos de tr\u00e1fico se conservar\u00e1n durante un per\u00edodo de tres a\u00f1os. El resto de la informaci\u00f3n no se conservar\u00e1 durante m\u00e1s tiempo del necesario para los fines indicados en esta Pol\u00edtica, a menos que el usuario solicite lo contrario o lo permita la ley.<\/p>\n<p>Hemos implementado controles de seguridad administrativos, t\u00e9cnicos y f\u00edsicos comercialmente razonables que est\u00e1n dise\u00f1ados para salvaguardar la informaci\u00f3n personal. Tambi\u00e9n realizamos revisiones y evaluaciones peri\u00f3dicas de la eficacia de nuestros controles de seguridad.<\/p>\n<p>A pesar de lo anterior, ning\u00fan m\u00e9todo de transmisi\u00f3n por Internet, o m\u00e9todo de almacenamiento electr\u00f3nico, es 100% seguro. Por lo tanto, HIKVISION no puede garantizar que su informaci\u00f3n personal est\u00e9 bajo absoluta seguridad con la tecnolog\u00eda de seguridad existente.<\/p>\n<p><span style=\"text-decoration: underline;\"><strong>Transferencia de informaci\u00f3n personal fuera de su jurisdicci\u00f3n<\/strong><\/span><\/p>\n<p>En la medida en que necesitemos transferir informaci\u00f3n personal fuera de su jurisdicci\u00f3n, ya sea a nuestras empresas afiliadas o a terceros proveedores de servicios, lo haremos de acuerdo con la legislaci\u00f3n aplicable. En particular, nos aseguraremos de que todas las transferencias se realicen de acuerdo con los requisitos de la legislaci\u00f3n local de protecci\u00f3n de datos aplicable, estableciendo las salvaguardias adecuadas. Usted tendr\u00e1 derecho a ser informado de las salvaguardias apropiadas adoptadas por HIKVISION para esta transferencia de su informaci\u00f3n personal.<\/p>\n<p>HIKVISION es una empresa con sede en China que opera a nivel mundial. Como tal, cumpliendo con las leyes aplicables, podemos transferir sus datos personales a cualquier filial del grupo HIKVISION en todo el mundo cuando se procese esa informaci\u00f3n para los fines descritos en esta Pol\u00edtica de Privacidad. Tambi\u00e9n podemos transferir sus datos personales a nuestros terceros proveedores de servicios, que pueden estar ubicados en un pa\u00eds o zona fuera del \u00e1rea del Espacio Econ\u00f3mico Europeo (EEE).<\/p>\n<p>Siempre que HIKVISION comparta informaci\u00f3n personal originada en el EEE con un tercero que puede ser o no una entidad de HIKVISION fuera del EEE, lo haremos sobre la base de las cl\u00e1usulas contractuales est\u00e1ndar de la UE o cualquier otra salvaguarda prevista en el GDPR.<\/p>\n<p>Adem\u00e1s del centro de datos de HIKVISION en Hangzhou, HIKVISION tambi\u00e9n puede utilizar instalaciones en el extranjero operadas y controladas por HIKVISION para procesar o respaldar su informaci\u00f3n personal. Actualmente, HIKVISION cuenta con un centro de datos en Tokio que est\u00e1 establecido en los servidores de terceros, como Salesforce. Usted ha entendido que los riesgos bajo las leyes de protecci\u00f3n de datos aplicables son diferentes y que podemos transferir y almacenar su informaci\u00f3n personal en nuestras instalaciones en el extranjero. Sin embargo, esto no cambia ninguno de nuestros compromisos para salvaguardar su informaci\u00f3n personal de acuerdo con esta Pol\u00edtica de Privacidad.<\/p>\n<p><span style=\"text-decoration: underline;\"><strong>Sus derechos<\/strong><\/span><\/p>\n<p>Por lo general, HIKVISION almacena su informaci\u00f3n personal en los servidores de HIKVISION hasta que usted la elimine o la modifique, o mientras siga siendo usuario de la Cuenta OneHikID para que podamos ofrecerle las ofertas m\u00e1s relevantes.<\/p>\n<p>Mantener su informaci\u00f3n personal actualizada ayuda a asegurar que le proporcionemos las ofertas m\u00e1s relevantes. Puede acceder, actualizar o eliminar su informaci\u00f3n personal a trav\u00e9s del perfil de su cuenta. Estamos preparados para ayudarle a gestionar sus suscripciones, desactivar su cuenta y eliminar su perfil y datos activos.<\/p>\n<p>Tiene derecho a oponerse en cualquier momento y por motivos derivados de su situaci\u00f3n personal a que tratemos sus datos por el motivo legal de &#8220;inter\u00e9s leg\u00edtimo&#8221;. Si ejerce su derecho de oposici\u00f3n, dejaremos de procesar sus datos a menos que podamos demostrar motivos leg\u00edtimos imperiosos para el procesamiento que prevalezcan sobre sus derechos.<\/p>\n<p>Conservaremos sus datos personales durante el periodo necesario para cumplir la finalidad indicada en esta Pol\u00edtica, a menos que la legislaci\u00f3n aplicable exija o permita un periodo de conservaci\u00f3n m\u00e1s largo.<\/p>\n<p>Si usted se encuentra en la Uni\u00f3n Europea, con sujeci\u00f3n a las limitaciones de la legislaci\u00f3n aplicable, tiene ciertos derechos con respecto a su informaci\u00f3n personal, como el derecho de acceso, rectificaci\u00f3n, restricci\u00f3n, oposici\u00f3n y portabilidad. Para ejercer sus derechos, p\u00f3ngase en contacto con nosotros a trav\u00e9s de los datos de contacto que figuran a continuaci\u00f3n. Tambi\u00e9n tiene derecho a retirar su consentimiento en todo momento, de forma gratuita. Puede hacerlo optando por la exclusi\u00f3n de la comercializaci\u00f3n directa y rechazando el uso de cookies a trav\u00e9s de la configuraci\u00f3n de su navegador. Si le preocupa c\u00f3mo tratamos su informaci\u00f3n personal, tiene derecho a presentar una reclamaci\u00f3n ante la autoridad de protecci\u00f3n de datos de su pa\u00eds o regi\u00f3n de residencia.<\/p>\n<p><span style=\"text-decoration: underline;\"><strong>Aviso de la Ley de Privacidad del Consumidor de California<\/strong><\/span><\/p>\n<p>Los residentes de California tienen derechos de privacidad adicionales en virtud de la Ley de Privacidad del Consumidor de California, que se describen en el Aviso de la Ley de Privacidad del Consumidor de California (<a href=\"https:\/\/us.hikvision.com\/en\/support-resources\/privacy-policy\/california-consumer-privacy-act-notice\" target=\"_blank\" rel=\"nofollow noopener\">https:\/\/us.hikvision.com\/en\/support-resources\/privacy-policy\/california-consumer-privacy-act-notice<\/a>).<\/p>\n<p><span style=\"text-decoration: underline;\"><strong>Uso de cookies<\/strong><\/span><\/p>\n<p>Tambi\u00e9n utilizamos cookies y otras tecnolog\u00edas para mantener registros, almacenar sus preferencias, mejorar nuestra publicidad y recopilar cierta informaci\u00f3n no identificable, como datos de registro y datos del dispositivo. Esto nos permite entender mejor c\u00f3mo utiliza usted nuestros Servicios, diagnosticar y solucionar cualquier problema que tenga, y administrar y mejorar nuestros Servicios. El uso de cookies tambi\u00e9n le ayuda a navegar sin problemas por nuestros sitios web. Usted puede configurar su navegador para detectar y rechazar las cookies.<\/p>\n<p>Consulte m\u00e1s informaci\u00f3n en nuestra Pol\u00edtica de Cookies (<a href=\"https:\/\/www.hikvision.com\/es\/policies\/cookie-policy\" target=\"_blank\" rel=\"noopener\">https:\/\/www.hikvision.com\/es\/policies\/cookie-policy<\/a>)<\/p>\n<p><span style=\"text-decoration: underline;\"><strong>Para ponerse en contacto<\/strong><\/span><\/p>\n<p>Si tiene preguntas o dudas sobre el uso que hace HIKVISION de su informaci\u00f3n personal, puede ponerse en contacto con nosotros en <a href=\"mailto:Digital.Global@hikvision.com\">Digital.Global@hikvision.com<\/a>. Si sigue teniendo dudas, tiene derecho a presentar una reclamaci\u00f3n ante la Autoridad competentel de la protecci\u00f3n de datos de su pa\u00eds\/regi\u00f3n.<\/p>\n\t\t\t\t\t\t<\/div>\n\t\t\t\t<\/div>\n\t\t\t\t\t<\/div>\n\t\t\t\t<\/div>\n\t\t\t\t<\/div>\n\t\t","protected":false},"excerpt":{"rendered":"<p>Pol\u00edtica de privacidade HANGZHOU HIKVISION DIGITAL TECHNOLOGY CO. LTD (&#8220;HIKVISION&#8221;, &#8220;nosotros&#8221;, &#8220;nuestro&#8221; o &#8220;nos&#8221;) se toma muy en serio su informaci\u00f3n personal. Esta Pol\u00edtica de Privacidad (&#8220;Pol\u00edtica&#8221;) ha sido dise\u00f1ada para informarle de c\u00f3mo HIKVISION recoge, almacena, utiliza y comparte su informaci\u00f3n personal dentro de su \u00e1mbito de aplicaci\u00f3n. Por favor, revise esta Pol\u00edtica antes &#8230; <a title=\"Pol\u00edtica de Privacidad\" class=\"read-more\" href=\"https:\/\/hikvisionmasters.com\/pt-pt\/politica-de-privacidad\/\" aria-label=\"Leia mais sobre Pol\u00edtica de Privacidad\">Ler mais<\/a><\/p>\n","protected":false},"author":4,"featured_media":0,"parent":0,"menu_order":0,"comment_status":"closed","ping_status":"closed","template":"","meta":{"content-type":"","footnotes":""},"_links":{"self":[{"href":"https:\/\/hikvisionmasters.com\/pt-pt\/wp-json\/wp\/v2\/pages\/4053"}],"collection":[{"href":"https:\/\/hikvisionmasters.com\/pt-pt\/wp-json\/wp\/v2\/pages"}],"about":[{"href":"https:\/\/hikvisionmasters.com\/pt-pt\/wp-json\/wp\/v2\/types\/page"}],"author":[{"embeddable":true,"href":"https:\/\/hikvisionmasters.com\/pt-pt\/wp-json\/wp\/v2\/users\/4"}],"replies":[{"embeddable":true,"href":"https:\/\/hikvisionmasters.com\/pt-pt\/wp-json\/wp\/v2\/comments?post=4053"}],"version-history":[{"count":1,"href":"https:\/\/hikvisionmasters.com\/pt-pt\/wp-json\/wp\/v2\/pages\/4053\/revisions"}],"predecessor-version":[{"id":4054,"href":"https:\/\/hikvisionmasters.com\/pt-pt\/wp-json\/wp\/v2\/pages\/4053\/revisions\/4054"}],"wp:attachment":[{"href":"https:\/\/hikvisionmasters.com\/pt-pt\/wp-json\/wp\/v2\/media?parent=4053"}],"curies":[{"name":"wp","href":"https:\/\/api.w.org\/{rel}","templated":true}]}}